{"id":118,"date":"2020-06-07T02:29:55","date_gmt":"2020-06-07T02:29:55","guid":{"rendered":"https:\/\/ssseguros.cl\/BLOG\/?page_id=118"},"modified":"2020-06-07T02:29:55","modified_gmt":"2020-06-07T02:29:55","slug":"seguros-automotriz-full-cobertura-de-verdad","status":"publish","type":"page","link":"https:\/\/ssseguros.cl\/BLOG\/seguros-automotriz-full-cobertura-de-verdad\/","title":{"rendered":"Seguros Automotriz Full Cobertura de Verdad"},"content":{"rendered":"\n<p>Contrata tu seguro automotriz full cobertura de verdad las 24 horas, online o al WhatsApp+56933716113.<\/p>\n\n\n\n<h2>\u00bfPERO QU\u00c9 ES UN SEGURO AUTOMOTRIZ?\u00a0\u00a0<\/h2>\n\n\n\n<p>Un seguro automotriz ,  es un contrato entre el propietario  de un autom\u00f3vil y una compa\u00f1\u00eda de seguros,  en este contrato  se establecen los derechos y obligaciones de ambas partes, en relaci\u00f3n con el seguro automotriz contratado y sus condiciones y deducibles.<\/p>\n\n\n\n<ul><li>SSSEGUROS Cotizara los mejores planes para sus clientes y recomendar\u00e1 aquellos que cubran la mejor mezcla entre cobertura y precio.<\/li><\/ul>\n\n\n\n<ul><li>El contratante se obliga a  pagar mensualmente o anual un monto conocido tambi\u00e9n como prima.<\/li><\/ul>\n\n\n\n<p>Vale destacar que existen diversos planes , coberturas y precios mensuales, cuyas primas est\u00e1n asociadas al valor del deducible y en riesgo en cuesti\u00f3n.<\/p>\n\n\n\n<h2>\u00bfQU\u00c9\u00a0<strong>ENTEDEMOS COMO EL DEDUCIBLE DE UN SEGURO AUTOMOTRIZ?\u00a0<\/strong><\/h2>\n\n\n\n<p>Un deducible es aquel monto que se pacta  al contratar un seguro y corresponde a la suma de dinero que la compa\u00f1\u00eda de seguros NO  pagar\u00e1, en caso de ocurrir un accidente donde se provoquen da\u00f1os al autom\u00f3vil, y que debe pagar el due\u00f1o del veh\u00edculo ( copago). Este monto ( deducible) se establece previamente entre el cliente y la compa\u00f1\u00eda a trav\u00e9s del contrato en la p\u00f3liza del seguro, habitualmente a menor deducible mayor es el precio del seguro.<\/p>\n\n\n\n<h2>POR LO TANTO , <strong>\u00bfQU\u00c9 ENTENDEMOS COMO  UN SEGURO CON DEDUCIBLE?<\/strong><\/h2>\n\n\n\n<p>Un seguro con deducible o con Copago , es aquel donde  el propietario  del autom\u00f3vil  se obliga a  pagar parte de los da\u00f1os en caso de un siniestro , es decir  la aseguradora cubrir\u00e1 solo la cantidad de dinero que supere el monto definido  en la p\u00f3liza del deducible.<\/p>\n\n\n\n<h2><strong>\u00bfCUALES SON LOS MONTOS  DE DEDUCIBLES EXISTEN?<\/strong><\/h2>\n\n\n\n<p>Los montos de los deducibles son diversos \u00a0<em>(monto que debe cubrir el asegurado y NO cubre la aseguradora)<\/em>\u00a0 lo m\u00e1s comunes son de 0, 3, 5 o 10 UF, entre\u00a0<strong>mayor deducible<\/strong>,\u00a0<strong>menor ser\u00e1 el precio de la prima mensual<\/strong>\u00a0que se deber\u00e1 pagar,  sin embargo  mayor ser\u00e1 el monto que el asegurado deber\u00e1 asumir ante un siniestro de su veh\u00edculo.<\/p>\n\n\n\n<h2><strong>\u00bfQU\u00c9\u00a0DEDUCIBLE YO DEBIERA  ELEGIR?<\/strong><\/h2>\n\n\n\n<p>Bueno esto depender\u00e1 de que tan adverso o amante del riesgo es el asegurado ,  de este modo debes considerar cu\u00e1l es el nivel de riesgo que puedas tolerar , en funci\u00f3n de algunas claves que puedan ayudar a tomar esta decisi\u00f3n , por ejemplo :<\/p>\n\n\n\n<ul><li>\u00bfQue tan frecuente usas el  auto?<\/li><li>\u00bfEs tu auto parte de tu trabajo?<\/li><li>\u00bfRecorres  carreteras o autopistas con frecuencia ?<\/li><li>\u00bfUsan  tu auto menores de 30 a\u00f1os ?<\/li><li>\u00bfManeja alguien tu auto con poca experiencia al volante?<\/li><li>\u00bfHas tenido muchos  accidentes antes ?<\/li><li>\u00bfUsas lentes o tienes dificultad de conducir de noche?<\/li><li>\u00bfTu auto tiene las mantenciones al d\u00eda?<\/li><\/ul>\n\n\n\n<h2><strong>\u00bfAHORA , QU\u00c9 ENTENDEMOS COMO  UN SEGURO SIN DEDUCIBLE?<\/strong><\/h2>\n\n\n\n<p>Este tipo de seguros   <strong>sin deducible o cero,<\/strong> te da la seguridad que la compa\u00f1\u00eda de seguros  ser\u00e1 qui\u00e9n deba hacerse cargo de todos los da\u00f1os materiales\u00a0y pagando el monto total de la reparaci\u00f3n del veh\u00edculo sin tener que pagar nada el aseguro.<\/p>\n\n\n\n<p>\u00a0<\/p>\n\n\n\n<h2><strong>\u00bfAHORA QU\u00c9 ENTENDEMOS COMO  DEDUCIBLE INTELIGENTE?<\/strong><\/h2>\n\n\n\n<p>Un l deducible inteligente,  es aquel donde no deber\u00e1s pagar por da\u00f1os en un accidente,  siempre y cuando  la persona con la que chocaste se declara  culpable ante Carabineros, siendo identificada por el nombre, direcci\u00f3n, tel\u00e9fono del conductor, patente, marca, modelo y el color del auto.<\/p>\n\n\n\n<p>NOTA :  Se declarar\u00e1 definitivamente culpable de acuerdo a los siguientes casos:<\/p>\n\n\n\n<p><br>1: El tercero se declara culpable.<br>2: El tercero no respeta un letrero Pare o Ceda el paso.<br>3: El tercero choca por atr\u00e1s.<\/p>\n\n\n\n<p><br>NOTA:  Es condici\u00f3n fundamental y obligatoria, que  la identificaci\u00f3n del tercero, como las situaciones descritas en el punto anterior, queden claramente especificadas en el Parte Policial y en la Denuncia a la compa\u00f1\u00eda. Cuando no se den estas condiciones, entonces se aplicar\u00e1 el deducible estipulado en la p\u00f3liza, aunque usted no sea el culpable del siniestro, por lo tanto deben cumplirse los estos pasos como regla santa.<\/p>\n\n\n\n<p><a href=\"https:\/\/www.ssseguros.cl\/\">https:\/\/www.ssseguros.cl\/<\/a><\/p>\n\n\n\n<p>El seguro automotriz cubre los posibles reclamos que puedas recibir producto de da\u00f1os causados a terceros o sus bienes, ya sean producidos por el asegurado o por el conductor del autom\u00f3vil al momento de sufrir un siniestro. Tanto los beneficios o coberturas l\u00edmites dependen del seguro de auto contratado y deducibles estipulados en la p\u00f3liza.<\/p>\n\n\n\n<h3>COBERTURAS DEL SEGURO\u00a0AUTOMOTRIZ SSSEGUROS <\/h3>\n\n\n\n<p><strong>Este  Seguro te protege con full cobertura de verdad todos los dias del a\u00f1o:<\/strong><\/p>\n\n\n\n<p>  Cobertura  Full Da\u00f1o Automotriz<\/p>\n\n\n\n<p>\u00a0 Cobertura por da\u00f1o emergente desde UF 1.000 a UF 5000<\/p>\n\n\n\n<p>\u00a0 Cobertura por da\u00f1o moral hasta desde UF 1.000 a UF 5000<\/p>\n\n\n\n<p>\u00a0 Protecci\u00f3n\u00a0de\u00a0lucro cesante hasta desde UF 1.000 a UF 5000<\/p>\n\n\n\n<p>\u00a0 Cobertura en caso de robo de accesorios\u00a0<\/p>\n\n\n\n<p>\u00a0 Cobertura  vehicular en caso de terrorismo o huelga<\/p>\n\n\n\n<p>\u00a0 Cobertura  vehicular\u00a0en caso de da\u00f1os por actos maliciosos\u00a0<\/p>\n\n\n\n<p>\u00a0 Cobertura  vehicular\u00a0en caso de sismo, granizos o riesgos de la naturaleza<\/p>\n\n\n\n<h2>\u00bfC\u00d3MO OPERA EL SEGURO DE AUTO?&nbsp; &nbsp;<\/h2>\n\n\n\n<p>Luego de realizar la denuncia en Carabineros, deber\u00e1s hacer la denuncia\u00a0en la aseguradora\u00a0en un plazo de 3 d\u00edas desde ocurrido el accidente, puedes hacer la denuncia v\u00eda telef\u00f3nica\u00a0o a trav\u00e9s de la p\u00e1gina de la aseguradora , debe respaldar su comprobante.<\/p>\n\n\n\n<p><\/p>\n\n\n\n<h2>\u00bfEN QUE CONSISTE LA ASISTENCIAS DEL SEGURO DE AUTO\u00a0? \u00a0<\/h2>\n\n\n\n<p>Entre los principales servicios de cobertura que ofrece en tu seguro automotriz, se encuentran:<\/p>\n\n\n\n<ul><li>Recarga de bater\u00eda.<\/li><li>Carga de combustible.<\/li><li>Conductor de reemplazo.<\/li><li>Cambio de neum\u00e1tico por pinchazo o desinflado.<\/li><li>Traslado del veh\u00edculo al taller.<\/li><li>Servicio de gr\u00faa.<\/li><li>Auto de reemplazo.<\/li><\/ul>\n\n\n\n<p><strong>No olvides que si necesitas asistencia para tu auto puedes llamar al +56933716113<\/strong> <\/p>\n\n\n\n<h3>\u00bfEXISTEN  SEGUROS QUE CUBRAN SOLO  DA\u00d1OS A TERCEROS Y\/O DE ASISTENCIA?<\/h3>\n\n\n\n<p>\u00a0Si, Existen estos seguros ( PT+RC) no consideran deducibles para coberturas en da\u00f1os a terceros y\/o de asistencia. <\/p>\n\n\n\n<h2>\u00bfQU\u00c9\u00a0DEBO HACER SI ME ROBAN EL AUTO?\u00a0\u00a0<\/h2>\n\n\n\n<ol><li>Acudir a Carabineros en caso de lesiones graves y robo de veh\u00edculos<\/li><li>Denunciar el siniestro<\/li><li>Evaluar con la aseguradora.<\/li><\/ol>\n\n\n\n<p>\u00a0\u200b\u00bfQU\u00c9 DEBO HACER EN CASO DE SINIESTRO?\u00a0<\/p>\n\n\n\n<p>\u00a0Primero mantener la calma , llamar al fono emergencia 24 horas SSSEGUROS al +56933716113 , de ser parte de un accidente de auto donde se produzcan da\u00f1os, deber\u00e1s anotar la mayor cantidad de informacion  datos de los involucrados (<em>nombre, rut, correo electr\u00f3nico, tel\u00e9fono, patente, color de auto, marca, modelo, compa\u00f1\u00eda de seguros, n\u00famero de p\u00f3liza).\u00a0<\/em>se recomienda sacar fotos y respaldas todo suceso relevante o medio de prueba <\/p>\n\n\n\n<p>Denuncia de accidentes llamando al +56933716113<\/p>\n\n\n\n<p><\/p>\n\n\n\n<h3>\u00bfQU\u00c9 PUEDE PASAR  SI ABANDONAN EL LUGAR DEL ACCIDENTE O SE DA A LA FUGA ?<\/h3>\n\n\n\n<p>El\u00a0<strong>Art\u00edculo 168 de la Ley del Tr\u00e1nsito<\/strong>:\u00a0En todo accidente de tr\u00e1nsito en que se produzcan da\u00f1os, el o los participantes estar\u00e1n obligados a dar cuenta de inmediato a la autoridad policial m\u00e1s pr\u00f3xima.\u00a0Se presumir\u00e1 la culpabilidad del o de los que no lo hicieren y abandonaren el lugar del accidente.\u00a0 Es decir usted queda sin cobertura del seguro.<\/p>\n\n\n\n<h3>\u00bfCOMO DEBO  <strong>DENUNCIAR SINIESTRO EN LA ASEGURADORA\u00a0?<\/strong><\/h3>\n\n\n\n<p>Posterior al siniestro usted  deber\u00e1s hacer la denuncia a\u00a0la aseguradora en un plazo de m\u00e1ximo 3 d\u00edas desde el accidente ocurrido, pero recomendamos que sea lo antes posible, considerando que en algunos casos como en el robo de veh\u00edculos, es obligaci\u00f3n realizar  de forma inmediatamente, <\/p>\n\n\n\n<h3>\u00bfQUE ES UN AUTO DE REEMPLAZO?<\/h3>\n\n\n\n<p>Esta parte de la cobertura de un seguro de auto y consiste en facilitar un auto de reemplazo por un per\u00edodo m\u00e1ximo de 45 d\u00edas, cuya disponibilidad depender\u00e1 de las empresas de Rent a Car  ,  sin embargo la compa\u00f1\u00eda har\u00e1 todos los esfuerzos para entregar a la brevedad.<\/p>\n\n\n\n<p>Nota la Compa\u00f1\u00eda asumir\u00e1 el costo del arriendo del auto seg\u00fan el plazo m\u00e1ximo y copago determinados en su p\u00f3liza y los deducibles pactados en su contrato. <\/p>\n\n\n\n<h2>CONTRATA TU SEGURO AUTOMOTRIZ LAS 24 HORAS online  O AL WhatsApp+56933716113 <\/h2>\n","protected":false},"excerpt":{"rendered":"<p>Contrata tu seguro automotriz full cobertura de verdad las 24 horas, online o al WhatsApp+56933716113. \u00bfPERO QU\u00c9 ES UN SEGURO AUTOMOTRIZ?\u00a0\u00a0 Un seguro automotriz , es un contrato entre el propietario de un autom\u00f3vil y una compa\u00f1\u00eda de seguros, en este contrato se establecen los derechos y obligaciones de ambas partes, en relaci\u00f3n con el &hellip; <\/p>\n<p class=\"link-more\"><a href=\"https:\/\/ssseguros.cl\/BLOG\/seguros-automotriz-full-cobertura-de-verdad\/\" class=\"more-link\">Continuar leyendo<span class=\"screen-reader-text\"> \u00abSeguros Automotriz Full Cobertura de Verdad\u00bb<\/span><\/a><\/p>\n","protected":false},"author":1,"featured_media":0,"parent":0,"menu_order":0,"comment_status":"closed","ping_status":"closed","template":"","meta":[],"_links":{"self":[{"href":"https:\/\/ssseguros.cl\/BLOG\/wp-json\/wp\/v2\/pages\/118"}],"collection":[{"href":"https:\/\/ssseguros.cl\/BLOG\/wp-json\/wp\/v2\/pages"}],"about":[{"href":"https:\/\/ssseguros.cl\/BLOG\/wp-json\/wp\/v2\/types\/page"}],"author":[{"embeddable":true,"href":"https:\/\/ssseguros.cl\/BLOG\/wp-json\/wp\/v2\/users\/1"}],"replies":[{"embeddable":true,"href":"https:\/\/ssseguros.cl\/BLOG\/wp-json\/wp\/v2\/comments?post=118"}],"version-history":[{"count":1,"href":"https:\/\/ssseguros.cl\/BLOG\/wp-json\/wp\/v2\/pages\/118\/revisions"}],"predecessor-version":[{"id":119,"href":"https:\/\/ssseguros.cl\/BLOG\/wp-json\/wp\/v2\/pages\/118\/revisions\/119"}],"wp:attachment":[{"href":"https:\/\/ssseguros.cl\/BLOG\/wp-json\/wp\/v2\/media?parent=118"}],"curies":[{"name":"wp","href":"https:\/\/api.w.org\/{rel}","templated":true}]}}