{"id":129,"date":"2020-06-15T03:44:11","date_gmt":"2020-06-15T03:44:11","guid":{"rendered":"https:\/\/ssseguros.cl\/BLOG\/?page_id=129"},"modified":"2020-06-15T03:44:11","modified_gmt":"2020-06-15T03:44:11","slug":"seguro-automotriz-que-protegen-como-operan-que-son","status":"publish","type":"page","link":"https:\/\/ssseguros.cl\/BLOG\/seguro-automotriz-que-protegen-como-operan-que-son\/","title":{"rendered":"SEGURO AUTOMOTRIZ,  \u00bfQUE PROTEGEN, COMO OPERAN, QUE SON ?"},"content":{"rendered":"\n<p>Mediante una p\u00f3liza de seguro, se materializa&nbsp; el contrato entre el asegurado ( due\u00f1o del&nbsp; autom\u00f3vil)&nbsp; y una compa\u00f1\u00eda de seguros, ac\u00e1 se establecen los derechos y obligaciones de cada&nbsp; parte, en relaci\u00f3n con el seguro automotriz.<\/p>\n\n\n\n<p>\u2022&nbsp;&nbsp;&nbsp;&nbsp;&nbsp;&nbsp;&nbsp;&nbsp;&nbsp;&nbsp;&nbsp;&nbsp; La compa\u00f1\u00eda de Seguros se compromete a pagar el valor total o parcial de los da\u00f1os provocados en el autom\u00f3vil asegurado en caso de siniestro cubierto por la p\u00f3liza.<\/p>\n\n\n\n<p>Tambi\u00e9n se establece qu\u00e9 el que contrata el seguro de auto, deber\u00e1 pagar mensualmente o anual un monto conocido tambi\u00e9n como prima.<\/p>\n\n\n\n<p>Existen diferentes coberturas y precios mensuales, cuyas primas est\u00e1n asociadas al valor del deducible y la cobertura de cada plan.<\/p>\n\n\n\n<p>\u00bfQU\u00c9 ENTENDEMOS COMO EL DEDUCIBLE DE UN SEGURO DE AUTO?&nbsp;<\/p>\n\n\n\n<p>El deducible de la p\u00f3liza corresponde al&nbsp; monto (prima) que se pacta en UF al contratar un seguro automotriz y&nbsp; es la suma de dinero que la compa\u00f1\u00eda de seguros NO cubre, es decir es costo del asegurado.<\/p>\n\n\n\n<p>\u00bfENTONCES , QU\u00c9 DEDUCIBLE DEBO ELEGIR?<\/p>\n\n\n\n<p>Para elegir el deducible adecuado, debes tener claro cu\u00e1l es el nivel de riesgo que puedes tener al conducir tu autom\u00f3vil. Para esto, te dejamos algunas preguntas que te pueden ayudar a definirlo:<\/p>\n\n\n\n<p>\u2022&nbsp;&nbsp;&nbsp;&nbsp;&nbsp;&nbsp;&nbsp;&nbsp;&nbsp;&nbsp;&nbsp;&nbsp; \u00bfUsas con mucha frecuencia tu auto?<\/p>\n\n\n\n<p>\u2022&nbsp;&nbsp;&nbsp;&nbsp;&nbsp;&nbsp;&nbsp;&nbsp;&nbsp;&nbsp;&nbsp;&nbsp; \u00bfRecorres largas distancias?<\/p>\n\n\n\n<p>\u2022&nbsp;&nbsp;&nbsp;&nbsp;&nbsp;&nbsp;&nbsp;&nbsp;&nbsp;&nbsp;&nbsp;&nbsp; \u00bfUsas diariamente carreteras o autopistas?<\/p>\n\n\n\n<p>\u2022&nbsp;&nbsp;&nbsp;&nbsp;&nbsp;&nbsp;&nbsp;&nbsp;&nbsp;&nbsp;&nbsp;&nbsp; \u00bfM\u00e1s de una persona usa el mismo veh\u00edculo?<\/p>\n\n\n\n<p>\u2022&nbsp;&nbsp;&nbsp;&nbsp;&nbsp;&nbsp;&nbsp;&nbsp;&nbsp;&nbsp;&nbsp;&nbsp; \u00bfManeja alguien con menos de 2 a\u00f1os de experiencia?<\/p>\n\n\n\n<p>\u2022&nbsp;&nbsp;&nbsp;&nbsp;&nbsp;&nbsp;&nbsp;&nbsp;&nbsp;&nbsp;&nbsp;&nbsp; \u00bfHas tenido accidentes anteriores o provocado alguno?<\/p>\n\n\n\n<p>\u2022&nbsp;&nbsp;&nbsp;&nbsp;&nbsp;&nbsp;&nbsp;&nbsp;&nbsp;&nbsp;&nbsp;&nbsp; \u00bfTransitas por calles con mucho tr\u00e1fico?<\/p>\n\n\n\n<p>\u00bfQU\u00c9 ES UN SEGURO SIN DEDUCIBLE?<\/p>\n\n\n\n<p>Los seguros de auto contratados con deducible cero, permiten que ante alg\u00fan accidente donde se presenten da\u00f1os al autom\u00f3vil, la aseguradora ser\u00e1 qui\u00e9n deba hacerse cargo de todos los da\u00f1os materiales y pagando el monto total de la reparaci\u00f3n del veh\u00edculo.<\/p>\n\n\n\n<p>\u00bfQU\u00c9 ES EL DEDUCIBLE INTELIGENTE?<\/p>\n\n\n\n<p>En el deducible inteligente, no deber\u00e1s pagar por da\u00f1os en un accidente, si la persona con la que chocaste se declara culpable ante Carabineros, siendo identificada por el nombre, direcci\u00f3n, tel\u00e9fono del conductor, patente, marca, modelo y el color del auto.<\/p>\n\n\n\n<p>Se declarar\u00e1 definitivamente culpable en los siguientes casos:<\/p>\n\n\n\n<p>1: El tercero se declara culpable.<\/p>\n\n\n\n<p>2: El tercero no respeta un letrero Pare o Ceda el paso.<\/p>\n\n\n\n<p>3: El tercero choca por atr\u00e1s.<\/p>\n\n\n\n<p>Es condici\u00f3n obligatoria, que tanto la identificaci\u00f3n del tercero, como las situaciones descritas en el punto anterior, queden claramente especificadas en el Parte Policial y en la Denuncia a la compa\u00f1\u00eda. Cuando no se den estas condiciones, entonces se aplicar\u00e1 el deducible estipulado en la p\u00f3liza, aunque usted no sea el culpable del siniestro.\u201d<\/p>\n\n\n\n<p>\u00bfQU\u00c9 CUBRE EL SEGURO AUTOMOTRIZ?&nbsp;&nbsp;&nbsp;<\/p>\n\n\n\n<p>El seguro automotriz cubre los posibles reclamos que puedas recibir producto de da\u00f1os causados a terceros o sus bienes, ya sean producidos por el asegurado o por el conductor del autom\u00f3vil al momento de sufrir un siniestro. Tanto los beneficios o coberturas l\u00edmites dependen del seguro de auto contratado y deducibles estipulados en la p\u00f3liza.<\/p>\n\n\n\n<p>COBERTURAS DEL SEGURO AUTOMOTRIZ<\/p>\n\n\n\n<p>El Seguro cubre y brinda protecci\u00f3n por:<\/p>\n\n\n\n<p>Cobertura por da\u00f1o vehicular liviano, excluidos del seguro de auto<\/p>\n\n\n\n<p>&nbsp; Cobertura por da\u00f1o emergente hasta UF 3.000<\/p>\n\n\n\n<p>&nbsp; Cobertura por da\u00f1o moral hasta UF 3.000<\/p>\n\n\n\n<p>&nbsp; Protecci\u00f3n de lucro cesante hasta UF 3.000<\/p>\n\n\n\n<p>&nbsp; Protecci\u00f3n&nbsp; en caso de robo de accesorios<\/p>\n\n\n\n<p>&nbsp; Protecci\u00f3n vehicular en caso de terrorismo o huelga<\/p>\n\n\n\n<p>&nbsp; Protecci\u00f3n vehicular en caso de da\u00f1os por actos maliciosos<\/p>\n\n\n\n<p>&nbsp; Protecci\u00f3n vehicular en caso de sismo, granizos o riesgos de la naturaleza<\/p>\n\n\n\n<p>\u00bfC\u00d3MO OPERA EL SEGURO DE AUTO?&nbsp;&nbsp;<\/p>\n\n\n\n<p>Luego de realizar la denuncia en Carabineros, deber\u00e1s hacer la denuncia en la aseguradora en un plazo de 10 d\u00edas desde ocurrido el accidente, puedes hacer la denuncia v\u00eda telef\u00f3nica o a trav\u00e9s de la p\u00e1gina en Denuncia de Siniestros las 24 horas, todos los d\u00edas del a\u00f1o.<\/p>\n\n\n\n<p>ASISTENCIAS DEL SEGURO DE AUTO&nbsp;&nbsp;<\/p>\n\n\n\n<p>Entre los principales servicios de cobertura que ofrece en tu seguro automotriz, se encuentran:<\/p>\n\n\n\n<p>\u2022&nbsp;&nbsp;&nbsp;&nbsp;&nbsp;&nbsp;&nbsp;&nbsp;&nbsp;&nbsp;&nbsp;&nbsp; Recarga de bater\u00eda.<\/p>\n\n\n\n<p>\u2022&nbsp;&nbsp;&nbsp;&nbsp;&nbsp;&nbsp;&nbsp;&nbsp;&nbsp;&nbsp;&nbsp;&nbsp; Carga de combustible.<\/p>\n\n\n\n<p>\u2022&nbsp;&nbsp;&nbsp;&nbsp;&nbsp;&nbsp;&nbsp;&nbsp;&nbsp;&nbsp;&nbsp;&nbsp; Conductor de reemplazo.<\/p>\n\n\n\n<p>\u2022&nbsp;&nbsp;&nbsp;&nbsp;&nbsp;&nbsp;&nbsp;&nbsp;&nbsp;&nbsp;&nbsp;&nbsp; Cambio de neum\u00e1tico por pinchazo o desinflado.<\/p>\n\n\n\n<p>\u2022&nbsp;&nbsp;&nbsp;&nbsp;&nbsp;&nbsp;&nbsp;&nbsp;&nbsp;&nbsp;&nbsp;&nbsp; Traslado del veh\u00edculo al taller.<\/p>\n\n\n\n<p>\u2022&nbsp;&nbsp;&nbsp;&nbsp;&nbsp;&nbsp;&nbsp;&nbsp;&nbsp;&nbsp;&nbsp;&nbsp; Servicio de gr\u00faa.<\/p>\n\n\n\n<p>\u2022&nbsp;&nbsp;&nbsp;&nbsp;&nbsp;&nbsp;&nbsp;&nbsp;&nbsp;&nbsp;&nbsp;&nbsp; Auto de reemplazo.<\/p>\n\n\n\n<p>\u00bfHAY SEGUROS QUE CUBREN DA\u00d1OS A TERCEROS Y&nbsp; ASISTENCIA?<\/p>\n\n\n\n<p>&nbsp;Existen seguros automotrices que no consideran deducibles para coberturas en da\u00f1os a terceros y\/o de asistencia. Por lo tanto, es importante evaluar el contrato a fondo para corroborar en qu\u00e9 casos aplica el deducible y en cu\u00e1les no.<\/p>\n\n\n\n<p>Somos SSSEGUROS Los Mejores Seguros de Chile, Contratalo al WhatsApp +56 9 33 71 61 13 o en nuestra web <a href=\"https:\/\/www.ssseguros.cl\/\">https:\/\/www.ssseguros.cl\/<\/a><\/p>\n","protected":false},"excerpt":{"rendered":"<p>Mediante una p\u00f3liza de seguro, se materializa&nbsp; el contrato entre el asegurado ( due\u00f1o del&nbsp; autom\u00f3vil)&nbsp; y una compa\u00f1\u00eda de seguros, ac\u00e1 se establecen los derechos y obligaciones de cada&nbsp; parte, en relaci\u00f3n con el seguro automotriz. \u2022&nbsp;&nbsp;&nbsp;&nbsp;&nbsp;&nbsp;&nbsp;&nbsp;&nbsp;&nbsp;&nbsp;&nbsp; La compa\u00f1\u00eda de Seguros se compromete a pagar el valor total o parcial de los da\u00f1os provocados &hellip; <\/p>\n<p class=\"link-more\"><a href=\"https:\/\/ssseguros.cl\/BLOG\/seguro-automotriz-que-protegen-como-operan-que-son\/\" class=\"more-link\">Continuar leyendo<span class=\"screen-reader-text\"> \u00abSEGURO AUTOMOTRIZ,  \u00bfQUE PROTEGEN, COMO OPERAN, QUE SON ?\u00bb<\/span><\/a><\/p>\n","protected":false},"author":1,"featured_media":0,"parent":0,"menu_order":0,"comment_status":"closed","ping_status":"closed","template":"","meta":[],"_links":{"self":[{"href":"https:\/\/ssseguros.cl\/BLOG\/wp-json\/wp\/v2\/pages\/129"}],"collection":[{"href":"https:\/\/ssseguros.cl\/BLOG\/wp-json\/wp\/v2\/pages"}],"about":[{"href":"https:\/\/ssseguros.cl\/BLOG\/wp-json\/wp\/v2\/types\/page"}],"author":[{"embeddable":true,"href":"https:\/\/ssseguros.cl\/BLOG\/wp-json\/wp\/v2\/users\/1"}],"replies":[{"embeddable":true,"href":"https:\/\/ssseguros.cl\/BLOG\/wp-json\/wp\/v2\/comments?post=129"}],"version-history":[{"count":1,"href":"https:\/\/ssseguros.cl\/BLOG\/wp-json\/wp\/v2\/pages\/129\/revisions"}],"predecessor-version":[{"id":130,"href":"https:\/\/ssseguros.cl\/BLOG\/wp-json\/wp\/v2\/pages\/129\/revisions\/130"}],"wp:attachment":[{"href":"https:\/\/ssseguros.cl\/BLOG\/wp-json\/wp\/v2\/media?parent=129"}],"curies":[{"name":"wp","href":"https:\/\/api.w.org\/{rel}","templated":true}]}}