{"id":168,"date":"2020-07-27T03:32:44","date_gmt":"2020-07-27T03:32:44","guid":{"rendered":"https:\/\/ssseguros.cl\/BLOG\/?page_id=168"},"modified":"2020-07-27T04:36:02","modified_gmt":"2020-07-27T04:36:02","slug":"seguro-automotriz-conoce-una-poliza-full-cobertura-de-verdad","status":"publish","type":"page","link":"https:\/\/ssseguros.cl\/BLOG\/seguro-automotriz-conoce-una-poliza-full-cobertura-de-verdad\/","title":{"rendered":"Seguro Automotriz, \u00bfConoce una P\u00f3liza Full Cobertura de Verdad?"},"content":{"rendered":"\n<p>Muchos se habla de los seguros automotriz, y todos dicen vender seguros full cobertura , pero \u00bfsabes c\u00f3mo identificarlos? Nosotros te mostramos una p\u00f3liza Full de Verdad .<\/p>\n\n\n\n<p>COBERTURA AUTOMOTRIZ FULL CON\u00d3CELA AC\u00c1.<\/p>\n\n\n\n<p>1-Una p\u00f3liza Full cobertura no se vende en grandes tiendas ni bancos , dado que a estos poco les interesa el servicio postventa , de hecho no tienen.<\/p>\n\n\n\n<p>2- Una p\u00f3liza Full Cobertura te ofrece Valor a reposici\u00f3n a nuevo, te entrega un auto nuevo en caso de PT o robos.<\/p>\n\n\n\n<p>3-Una P\u00f3liza Ful Cobertura entrega adem\u00e1s de las t\u00edpicas asistencias, un servicio de atenci\u00f3n 24 horas con profesionales en seguros no call center.<\/p>\n\n\n\n<p>4-Una p\u00f3liza Full Cobertura  privilegia la seguridad ante todo, dando coberturas desde vida de asientos a vida conductor e incluso asegura tu casa en caso de robo o incendio.<\/p>\n\n\n\n<p>5-Las p\u00f3lizas Full Cobertura se han preocupado incluso en nuestros hijos con profesores y m\u00e9dicos con cobertura con cargo a la p\u00f3liza.<\/p>\n\n\n\n<p>6- Adem\u00e1s de las t\u00edpicas coberturas de ch\u00f3fer, tramites en JPL, Revisi\u00f3n T\u00e9cnicas y otros, La P\u00f3liza Full Cobertura es una P\u00f3liza Todo Riesgo . incluso cubre las p\u00e9rdidas de llaves.<\/p>\n\n\n\n<p>7-Contrata seguros Full Cobertura con Profesionales de los Seguros, que no te vendan cuentos, no te dejes llevar por la publicidad y valora el servicio, Somos SSSEGUROS Los Mejores Seguros de Chile, estamos en el WhatsApp+56933716113 o en nuestra web todos los d\u00edas las 24 horas  <a href=\"https:\/\/www.ssseguros.cl.\">https:\/\/www.ssseguros.cl.<\/a><\/p>\n\n\n\n<h2>Condicionado y Clausulas P\u00f3liza Automotriz Full Cobertura. A lo menos debe tener estas que detallamos , <\/h2>\n\n\n\n<figure class=\"wp-block-table\"><table><tbody><tr><td><strong>COBERTURAS ADICIONALES FULL COBERTURA DE ASISTENCIA<\/strong> <\/td><td><strong>L\u00cdMITES<\/strong><\/td><\/tr><tr><td>Consulta y orientaci\u00f3n legal telef\u00f3nica (OLT)<\/td><td>Seg\u00fan Condici\u00f3n Particular<\/td><\/tr><tr><td>Representaci\u00f3n y tramitaci\u00f3n en infracciones en el JPL<\/td><td>Seg\u00fan Condici\u00f3n Particular<\/td><\/tr><tr><td>Asesoria y tramitaci\u00f3n de documentaci\u00f3n por compraventa de veh\u00edculos<\/td><td>Seg\u00fan Condici\u00f3n Particular<\/td><\/tr><tr><td>Tramitaci\u00f3n de documentaci\u00f3n ante el Registro Civil<\/td><td>Seg\u00fan Condici\u00f3n Particular<\/td><\/tr><tr><td>Tramitaci\u00f3n de documentos en la Direcciones del Transito<\/td><td>Seg\u00fan Condici\u00f3n Particular<\/td><\/tr><tr><td>Conductor por Ley de Alcoholes<\/td><td>Para Extram\u00f3vil Plus: 3 eventos Sin CopagoPara M\u00f3vil Cl\u00e1sico: 3 eventos Copago $3.000<\/td><\/tr><tr><td>Chofer para revisi\u00f3n t\u00e9cnica (no incluye valor revisi\u00f3n)<\/td><td>1 evento, segunda revisi\u00f3n copago de $5.000<\/td><\/tr><tr><td>Chofer por mantenci\u00f3n<\/td><td>1 evento, copago $6.000<\/td><\/tr><tr><td>Revisi\u00f3n mec\u00e1nica de pre-viaje<\/td><td>1 evento por vigencia anual<\/td><\/tr><\/tbody><\/table><figcaption>Coberturas Full de Asistencia<\/figcaption><\/figure>\n\n\n\n<hr class=\"wp-block-separator\"\/>\n\n\n\n<figure class=\"wp-block-image size-large is-resized\"><img loading=\"lazy\" src=\"https:\/\/ssseguros.cl\/BLOG\/wp-content\/uploads\/2020\/07\/image-2.png\" alt=\"\" class=\"wp-image-176\" width=\"704\" height=\"1173\" srcset=\"https:\/\/ssseguros.cl\/BLOG\/wp-content\/uploads\/2020\/07\/image-2.png 287w, https:\/\/ssseguros.cl\/BLOG\/wp-content\/uploads\/2020\/07\/image-2-180x300.png 180w\" sizes=\"(max-width: 704px) 100vw, 704px\" \/><figcaption><strong>P\u00f3liza Full Cobertura Incluso asegura el hogar <\/strong><\/figcaption><\/figure>\n\n\n\n<figure class=\"wp-block-image size-large is-resized\"><img loading=\"lazy\" src=\"https:\/\/ssseguros.cl\/BLOG\/wp-content\/uploads\/2020\/07\/image-3.png\" alt=\"\" class=\"wp-image-177\" width=\"722\" height=\"1365\" srcset=\"https:\/\/ssseguros.cl\/BLOG\/wp-content\/uploads\/2020\/07\/image-3.png 292w, https:\/\/ssseguros.cl\/BLOG\/wp-content\/uploads\/2020\/07\/image-3-159x300.png 159w\" sizes=\"(max-width: 722px) 100vw, 722px\" \/><figcaption><strong><em>Clausulas y Condiciones Seguro Automotriz Full Cobertura.<\/em><\/strong><\/figcaption><\/figure>\n\n\n\n<p><strong>M\u00e1s coberturas Full Cobertura Auto <\/strong><\/p>\n\n\n\n<figure class=\"wp-block-image size-large is-resized\"><img loading=\"lazy\" src=\"https:\/\/ssseguros.cl\/BLOG\/wp-content\/uploads\/2020\/07\/image-4.png\" alt=\"\" class=\"wp-image-182\" width=\"717\" height=\"666\" srcset=\"https:\/\/ssseguros.cl\/BLOG\/wp-content\/uploads\/2020\/07\/image-4.png 576w, https:\/\/ssseguros.cl\/BLOG\/wp-content\/uploads\/2020\/07\/image-4-300x279.png 300w\" sizes=\"(max-width: 717px) 100vw, 717px\" \/><\/figure>\n\n\n\n<figure class=\"wp-block-image size-large is-resized\"><img loading=\"lazy\" src=\"https:\/\/ssseguros.cl\/BLOG\/wp-content\/uploads\/2020\/07\/image-5.png\" alt=\"\" class=\"wp-image-183\" width=\"711\" height=\"447\" srcset=\"https:\/\/ssseguros.cl\/BLOG\/wp-content\/uploads\/2020\/07\/image-5.png 564w, https:\/\/ssseguros.cl\/BLOG\/wp-content\/uploads\/2020\/07\/image-5-300x188.png 300w\" sizes=\"(max-width: 711px) 100vw, 711px\" \/><figcaption>Clausulas de P\u00f3liza Full Cobertura <\/figcaption><\/figure>\n\n\n\n<figure class=\"wp-block-image size-large is-resized\"><img loading=\"lazy\" src=\"https:\/\/ssseguros.cl\/BLOG\/wp-content\/uploads\/2020\/07\/image-6.png\" alt=\"\" class=\"wp-image-186\" width=\"714\" height=\"475\" srcset=\"https:\/\/ssseguros.cl\/BLOG\/wp-content\/uploads\/2020\/07\/image-6.png 590w, https:\/\/ssseguros.cl\/BLOG\/wp-content\/uploads\/2020\/07\/image-6-300x200.png 300w\" sizes=\"(max-width: 714px) 100vw, 714px\" \/><figcaption><strong>Clausulas P\u00f3lizas Automotriz Full Cobertura <\/strong><\/figcaption><\/figure>\n\n\n\n<p><strong>Clausulas Seguro Full Cobertura<\/strong><\/p>\n\n\n\n<figure class=\"wp-block-image size-large is-resized\"><img loading=\"lazy\" src=\"https:\/\/ssseguros.cl\/BLOG\/wp-content\/uploads\/2020\/07\/image-7.png\" alt=\"\" class=\"wp-image-188\" width=\"600\" height=\"456\" srcset=\"https:\/\/ssseguros.cl\/BLOG\/wp-content\/uploads\/2020\/07\/image-7.png 590w, https:\/\/ssseguros.cl\/BLOG\/wp-content\/uploads\/2020\/07\/image-7-300x228.png 300w\" sizes=\"(max-width: 600px) 100vw, 600px\" \/><figcaption>Clausulas Seguro Full Cobertura <br><br><\/figcaption><\/figure>\n\n\n\n<!--nextpage-->\n\n\n\n<figure class=\"wp-block-image size-large\"><img loading=\"lazy\" width=\"598\" height=\"433\" src=\"https:\/\/ssseguros.cl\/BLOG\/wp-content\/uploads\/2020\/07\/image-8.png\" alt=\"\" class=\"wp-image-191\" srcset=\"https:\/\/ssseguros.cl\/BLOG\/wp-content\/uploads\/2020\/07\/image-8.png 598w, https:\/\/ssseguros.cl\/BLOG\/wp-content\/uploads\/2020\/07\/image-8-300x217.png 300w\" sizes=\"(max-width: 598px) 100vw, 598px\" \/><figcaption>Seguro Automotriz Full Coberturas Clausulas <\/figcaption><\/figure>\n\n\n\n<p><\/p>\n\n\n\n<figure class=\"wp-block-image size-large is-resized\"><img loading=\"lazy\" src=\"https:\/\/ssseguros.cl\/BLOG\/wp-content\/uploads\/2020\/07\/image-9.png\" alt=\"\" class=\"wp-image-192\" width=\"580\" height=\"530\" srcset=\"https:\/\/ssseguros.cl\/BLOG\/wp-content\/uploads\/2020\/07\/image-9.png 582w, https:\/\/ssseguros.cl\/BLOG\/wp-content\/uploads\/2020\/07\/image-9-300x274.png 300w\" sizes=\"(max-width: 580px) 100vw, 580px\" \/><figcaption><br><\/figcaption><\/figure>\n\n\n\n<!--nextpage-->\n\n\n\n<figure class=\"wp-block-image size-large\"><img loading=\"lazy\" width=\"581\" height=\"539\" src=\"https:\/\/ssseguros.cl\/BLOG\/wp-content\/uploads\/2020\/07\/image-10.png\" alt=\"\" class=\"wp-image-193\" srcset=\"https:\/\/ssseguros.cl\/BLOG\/wp-content\/uploads\/2020\/07\/image-10.png 581w, https:\/\/ssseguros.cl\/BLOG\/wp-content\/uploads\/2020\/07\/image-10-300x278.png 300w\" sizes=\"(max-width: 581px) 100vw, 581px\" \/><\/figure>\n\n\n\n<!--nextpage-->\n\n\n\n<figure class=\"wp-block-image size-large\"><img loading=\"lazy\" width=\"524\" height=\"612\" src=\"https:\/\/ssseguros.cl\/BLOG\/wp-content\/uploads\/2020\/07\/image-11.png\" alt=\"\" class=\"wp-image-194\" srcset=\"https:\/\/ssseguros.cl\/BLOG\/wp-content\/uploads\/2020\/07\/image-11.png 524w, https:\/\/ssseguros.cl\/BLOG\/wp-content\/uploads\/2020\/07\/image-11-257x300.png 257w\" sizes=\"(max-width: 524px) 100vw, 524px\" \/><\/figure>\n\n\n\n<!--nextpage-->\n\n\n\n<h2>SOMOS SSSEGUROS LOS MEJORES SEGUROS AUTOMOTRIZ DE CHILE, ESTAMOS EN EL WhatsApp+56933716113 o NUESTRA WEB  <a href=\"https:\/\/www.ssseguros.cl\/\">https:\/\/www.ssseguros.cl\/<\/a><\/h2>\n","protected":false},"excerpt":{"rendered":"<p>Muchos se habla de los seguros automotriz, y todos dicen vender seguros full cobertura , pero \u00bfsabes c\u00f3mo identificarlos? Nosotros te mostramos una p\u00f3liza Full de Verdad . COBERTURA AUTOMOTRIZ FULL CON\u00d3CELA AC\u00c1. 1-Una p\u00f3liza Full cobertura no se vende en grandes tiendas ni bancos , dado que a estos poco les interesa el servicio &hellip; <\/p>\n<p class=\"link-more\"><a href=\"https:\/\/ssseguros.cl\/BLOG\/seguro-automotriz-conoce-una-poliza-full-cobertura-de-verdad\/\" class=\"more-link\">Continuar leyendo<span class=\"screen-reader-text\"> \u00abSeguro Automotriz, \u00bfConoce una P\u00f3liza Full Cobertura de Verdad?\u00bb<\/span><\/a><\/p>\n","protected":false},"author":1,"featured_media":164,"parent":0,"menu_order":0,"comment_status":"closed","ping_status":"closed","template":"","meta":[],"_links":{"self":[{"href":"https:\/\/ssseguros.cl\/BLOG\/wp-json\/wp\/v2\/pages\/168"}],"collection":[{"href":"https:\/\/ssseguros.cl\/BLOG\/wp-json\/wp\/v2\/pages"}],"about":[{"href":"https:\/\/ssseguros.cl\/BLOG\/wp-json\/wp\/v2\/types\/page"}],"author":[{"embeddable":true,"href":"https:\/\/ssseguros.cl\/BLOG\/wp-json\/wp\/v2\/users\/1"}],"replies":[{"embeddable":true,"href":"https:\/\/ssseguros.cl\/BLOG\/wp-json\/wp\/v2\/comments?post=168"}],"version-history":[{"count":18,"href":"https:\/\/ssseguros.cl\/BLOG\/wp-json\/wp\/v2\/pages\/168\/revisions"}],"predecessor-version":[{"id":204,"href":"https:\/\/ssseguros.cl\/BLOG\/wp-json\/wp\/v2\/pages\/168\/revisions\/204"}],"wp:featuredmedia":[{"embeddable":true,"href":"https:\/\/ssseguros.cl\/BLOG\/wp-json\/wp\/v2\/media\/164"}],"wp:attachment":[{"href":"https:\/\/ssseguros.cl\/BLOG\/wp-json\/wp\/v2\/media?parent=168"}],"curies":[{"name":"wp","href":"https:\/\/api.w.org\/{rel}","templated":true}]}}