{"id":522,"date":"2021-10-11T19:00:00","date_gmt":"2021-10-11T19:00:00","guid":{"rendered":"https:\/\/ssseguros.cl\/BLOG\/?page_id=522"},"modified":"2021-10-11T19:00:00","modified_gmt":"2021-10-11T19:00:00","slug":"seguros-de-responsabilidad-civil-ssseguros","status":"publish","type":"page","link":"https:\/\/ssseguros.cl\/BLOG\/seguros-de-responsabilidad-civil-ssseguros\/","title":{"rendered":"Seguros de Responsabilidad Civil | SSSEGUROS"},"content":{"rendered":"\n<p>El\u00a0<strong>Seguros de Responsabilidad Civil<\/strong>, est\u00e1n dise\u00f1ados para proteger el patrimonio de las personas y\/o empresas a causa de una demanda, por efecto de los da\u00f1os materiales o corporales que puedan sufrir terceros, a consecuencia de la actividad que desarrollan o de sus propios actos, como responsable de su actividad .<\/p>\n\n\n\n<p>Mediante  el seguro de responsabilidad civil, el asegurador se obliga a indemnizar los da\u00f1os y perjuicios causados a terceros, de los cuales sea civilmente responsable el asegurado, por un hecho y en los t\u00e9rminos previsto en la p\u00f3liza.<\/p>\n\n\n\n<p>Alguno de estos t\u00e9rminos son:<\/p>\n\n\n\n<p>RC General POL 120131531 <br>RC de Empresa para F\u00e1bricas Manufacturas,<br>Artesan\u00edas, Oficinas o Administraciones CAD 120131802<br>RC de Construcci\u00f3n CAD 120150788 <br>RC de Propietario de Inmuebles CAD 120131803 <br>RC Patronal CAD 120131765 <br>RC Cruzada CAD 120131766 <br>RC Vehicular en Exceso CAD 120131759 <br>RC Equipo M\u00f3vil en Exceso CAD 120131773 <br>RC por Transporte de Carga CAD 120150789 <br>RC Contaminaci\u00f3n CAD 120131767 <br>RC por Transporte de Personas CAD 120131799 <br>RC por Suministro de Alimentos y Bebidas <br>Alcoh\u00f3licas Condici\u00f3n Particular <br>RC por Da\u00f1o Moral Condici\u00f3n Particular <br>RC por Lucro Cesante Condici\u00f3n Particular <br>Bienes Bajo Custodia del Asegurado Condici\u00f3n Particular <br>Defensa Penal del Asegurado Condici\u00f3n Particular <br>Da\u00f1os a Terceros por Agua Condici\u00f3n Particular <\/p>\n\n\n\n<h2>Caracter\u00edsticas del Seguro de Responsabilidad Civil <\/h2>\n\n\n\n<ul><li>Seguro modalidad individual o colectiva.<\/li><li>Su contrataci\u00f3n es generalmente por contratos o voluntaria <\/li><li>Tiene una vigencia definida por las partes<\/li><li>Contemplan un deducible (monto de cargo del asegurado).<\/li><li>Requieren sentencia judicial ejecutoriada\u00a0que establezca la responsabilidad del asegurado o de transacci\u00f3n judicial o extrajudicial\u00a0celebrada por el asegurado con el consentimiento del asegurador.\u00a0<\/li><li>Pueden existen distintos tipos de seguros de responsabilidad civil: por ejemplo de construcci\u00f3n,  m\u00e9dicos, arquitectos, ingenieros, directores y ejecutivos,  Dentista , Vehicular., Patronal  etc.),<\/li><\/ul>\n\n\n\n<p><strong>Normalmente excluyen el Seguro de Responsabilidad Civil :<\/strong><\/p>\n\n\n\n<ul><li>El actuar doloso del asegurado.<\/li><li>Cauciones que deba rendir el asegurado, multas y sanciones pecuniarias <\/li><li>Da\u00f1os causados por asegurados que act\u00faen bajo la influencia de t\u00f3xicos, narc\u00f3ticos o alcohol o drogas .<\/li><li>Da\u00f1os causados por guerra, guerra civil, revoluci\u00f3n, mot\u00edn, huelga, tumulto popular, huelga o lock-out, incluyendo tambi\u00e9n la quiebra del asegurado.<\/li><li>Acto realizado fuera del territorio nacional o sin cobertura territorial. ( ejemplo a\u00e9rea )<\/li><\/ul>\n\n\n\n<p><strong><em>Contrata tu Seguro de Responsabilidad Civil Online las 24 horas todos los d\u00edas del a\u00f1o,  en nuestra Web o  en el WhatsApp +56933716113.<\/em><\/strong><\/p>\n","protected":false},"excerpt":{"rendered":"<p>El\u00a0Seguros de Responsabilidad Civil, est\u00e1n dise\u00f1ados para proteger el patrimonio de las personas y\/o empresas a causa de una demanda, por efecto de los da\u00f1os materiales o corporales que puedan sufrir terceros, a consecuencia de la actividad que desarrollan o de sus propios actos, como responsable de su actividad . Mediante el seguro de responsabilidad &hellip; <\/p>\n<p class=\"link-more\"><a href=\"https:\/\/ssseguros.cl\/BLOG\/seguros-de-responsabilidad-civil-ssseguros\/\" class=\"more-link\">Continuar leyendo<span class=\"screen-reader-text\"> \u00abSeguros de Responsabilidad Civil | SSSEGUROS\u00bb<\/span><\/a><\/p>\n","protected":false},"author":1,"featured_media":0,"parent":0,"menu_order":0,"comment_status":"closed","ping_status":"closed","template":"","meta":[],"_links":{"self":[{"href":"https:\/\/ssseguros.cl\/BLOG\/wp-json\/wp\/v2\/pages\/522"}],"collection":[{"href":"https:\/\/ssseguros.cl\/BLOG\/wp-json\/wp\/v2\/pages"}],"about":[{"href":"https:\/\/ssseguros.cl\/BLOG\/wp-json\/wp\/v2\/types\/page"}],"author":[{"embeddable":true,"href":"https:\/\/ssseguros.cl\/BLOG\/wp-json\/wp\/v2\/users\/1"}],"replies":[{"embeddable":true,"href":"https:\/\/ssseguros.cl\/BLOG\/wp-json\/wp\/v2\/comments?post=522"}],"version-history":[{"count":1,"href":"https:\/\/ssseguros.cl\/BLOG\/wp-json\/wp\/v2\/pages\/522\/revisions"}],"predecessor-version":[{"id":523,"href":"https:\/\/ssseguros.cl\/BLOG\/wp-json\/wp\/v2\/pages\/522\/revisions\/523"}],"wp:attachment":[{"href":"https:\/\/ssseguros.cl\/BLOG\/wp-json\/wp\/v2\/media?parent=522"}],"curies":[{"name":"wp","href":"https:\/\/api.w.org\/{rel}","templated":true}]}}